{"id":29398,"date":"2022-10-17T16:28:43","date_gmt":"2022-10-17T14:28:43","guid":{"rendered":"https:\/\/giteducabrol.com\/?page_id=29398"},"modified":"2024-11-15T10:17:48","modified_gmt":"2024-11-15T09:17:48","slug":"mentions-legales","status":"publish","type":"page","link":"https:\/\/giteducabrol.com\/en\/mentions-legales\/","title":{"rendered":"Mentions l\u00e9gales"},"content":{"rendered":"<p>[et_pb_section fb_built=\u00a0\u00bb1&Prime; _builder_version=\u00a0\u00bb4.17.4&Prime; _module_preset=\u00a0\u00bbdefault\u00a0\u00bb global_colors_info=\u00a0\u00bb{}\u00a0\u00bb][et_pb_row _builder_version=\u00a0\u00bb4.17.4&Prime; _module_preset=\u00a0\u00bbdefault\u00a0\u00bb global_colors_info=\u00a0\u00bb{}\u00a0\u00bb][et_pb_column type=\u00a0\u00bb4_4&Prime; _builder_version=\u00a0\u00bb4.17.4&Prime; _module_preset=\u00a0\u00bbdefault\u00a0\u00bb global_colors_info=\u00a0\u00bb{}\u00a0\u00bb][et_pb_text _builder_version=\u00a0\u00bb4.24.2&Prime; _module_preset=\u00a0\u00bbdefault\u00a0\u00bb custom_margin=\u00a0\u00bb0px||||false|false\u00a0\u00bb hover_enabled=\u00a0\u00bb0&Prime; global_colors_info=\u00a0\u00bb{}\u00a0\u00bb sticky_enabled=\u00a0\u00bb0&Prime;]<\/p>\n<div class=\"et_pb_section et_pb_section_0 et_section_regular\">\n<div class=\"et_pb_row et_pb_row_0\">\n<div class=\"et_pb_column et_pb_column_4_4 et_pb_column_0  et_pb_css_mix_blend_mode_passthrough et-last-child\">\n<div class=\"et_pb_module et_pb_text et_pb_text_0  et_pb_text_align_left et_pb_bg_layout_light\">\n<div class=\"et_pb_text_inner\">\n<h1>Vie priv\u00e9e et protection des donn\u00e9es de SARL Cabrol<\/h1>\n<\/div>\n<\/div>\n<\/div>\n<\/div>\n<\/div>\n<div class=\"et_pb_section et_pb_section_1 et_section_regular\">\n<div class=\"et_pb_row et_pb_row_1\">\n<div class=\"et_pb_column et_pb_column_4_4 et_pb_column_1  et_pb_css_mix_blend_mode_passthrough et-last-child\">\n<div class=\"et_pb_module et_pb_text et_pb_text_1  et_pb_text_align_left et_pb_bg_layout_light\">\n<div class=\"et_pb_text_inner\">\n<h2>Ce site a \u00e9t\u00e9 con\u00e7u et r\u00e9alis\u00e9 par N3Web<\/h2>\n<p><strong>Son h\u00e9bergement est assur\u00e9 par Infomaniak, Centres de donn\u00e9es localis\u00e9s\u00a0en Suisse<\/strong><\/p>\n<p><a href=\"https:\/\/giteducabrol.com\/politique-confidentialite\/\">Protection de la vie priv\u00e9e<\/a><\/p>\n<p>En vertu de l\u2019article 6 de la loi n\u00b0 2004-575 du 21 juin 2004 pour la confiance dans l\u2019\u00e9conomie num\u00e9rique, il est pr\u00e9cis\u00e9 aux utilisateurs du site internet<span>\u00a0<\/span><a href=\"https:\/\/giteducabrol.com\/\">https:\/\/giteducabrol.com\/<\/a>; l\u2019identit\u00e9 des diff\u00e9rents intervenants dans le cadre de sa r\u00e9alisation et de son suivi:<\/p>\n<p>&nbsp;<\/p>\n<h2>Propri\u00e9taire du site<\/h2>\n<p>&nbsp;<\/p>\n<p>Sarl du Cabrol<br \/>\nRCS : <span>Lons-le-Saunier B 908\u00a0024\u00a0532<\/span><br \/>\nSIRET : 90802453200016<br \/>\nTVA : FR07908024532<br \/>\nCapital : 30 000\u20ac<br \/>\nSi\u00e8ge social : 5 bas du bois, 39300 SUPT<\/p>\n<p>&nbsp;<\/p>\n<p><strong>Responsable publication<\/strong><span>\u00a0<\/span>:<span>\u00a0<\/span><a href=\"https:\/\/www.societe.com\/dirigeants\/sarl-du-cabrol-908024532.html\" class=\"Link\">Mme Celine ERB<\/a><br \/>\nE-mail : info@giteducabrol-jura.com<br \/>\nT\u00e9l\u00e9phone : 06 34 43 78 65<\/p>\n<p><strong>H\u00e9bergeur<\/strong><span>\u00a0<\/span>: Infomaniak<br \/>\nT\u00e9l. +41 22 820 35 55<br \/>\nSi\u00e8ge Social : Rue Eug\u00e8ne-Marziano 25 1227 Les Acacias SUISSE<br \/>\nPolitique de confidentialit\u00e9 d\u2019Infomaniak :\u00a0<a href=\"https:\/\/www.infomaniak.com\/fr\/cgv\/politique-de-confidentialite\" target=\"_blank\" rel=\"noreferrer noopener\">https:\/\/www.infomaniak.com\/fr\/cgv\/politique-de-confidentialite<\/a><\/p>\n<h2>Sites partenaires<\/h2>\n<p>Visitez le <a href=\"http:\/\/www.haut-doubs.com\/\" target=\"_blank\" rel=\"noreferrer noopener\">portail du Haut Doubs<\/a> qui r\u00e9f\u00e9rence les entreprises locale !<br \/>\n<a href=\"http:\/\/www.net-liens.com\" target=\"_blank\" rel=\"noopener\"><img decoding=\"async\" src=\"http:\/\/www.net-liens.com\/img\/media\/nl1.jpg\" alt=\"Net Liens - L'annuaire Internet\" title=\"Net Liens - L'annuaire Internet\" \/><\/a><\/p>\n<p>Tranquillement install\u00e9 dans le Doubs, proche de Besan\u00e7on, vous pouvez savourer la <a href=\"https:\/\/camping-peupliers-doubs.fr\/\" target=\"_blank\" rel=\"noopener\">tranquillit\u00e9 du Camping<\/a> des Peupliers.<\/p>\n<p>Plus au sud, la splendide <a href=\"https:\/\/les-patigons.fr\/\" target=\"_blank\" rel=\"noopener\">vall\u00e9e de l&rsquo;Ubaye<\/a> vous attend avec ses paysages de moyenne montagne.<\/p>\n<p>Et toujours plus au sud, nous vous proposons un d\u00e9paysement total \u00e0 la d\u00e9couverte des <a href=\"https:\/\/voyage-maroc-sur-mesure.com\/\" target=\"_blank\" rel=\"noopener\">merveilles du Maroc<\/a>.<\/p>\n<p>Passez un nuit inoubliable dans ce <a href=\"https:\/\/giteducabrol.com\/\" target=\"_blank\" rel=\"noopener\">G\u00eete au c\u0153ur de la for\u00eat jurassienne<\/a>.<\/p>\n<p>Boostez votre visibilit\u00e9 en ligne avec <a href=\"https:\/\/agence-web-prism.fr\/\">Prism&rsquo;<\/a>, votre agence web \u00e0 Besan\u00e7on. Experts en cr\u00e9ation de sites web, design graphique et r\u00e9f\u00e9rencement SEO, nous concevons des solutions sur mesure pour maximiser votre impact digital. Prism&rsquo; votre vision mise en lumi\u00e8re !<\/p>\n<p>R\u00e9servez vos vacances en famille ou vos s\u00e9minaires d&rsquo;entreprise dans ce grand <a href=\"https:\/\/gite-les-hirondelles.fr\/\" target=\"_blank\" rel=\"noopener\">G\u00eete familiale<\/a> au c\u0153ur du Jura.<\/p>\n<p>\u00c9vadez-vous dans un havre de paix avec <a href=\"https:\/\/gitehautesaone.fr\" target=\"_blank\" rel=\"noopener noreferrer\">G\u00eete au Paradis d&rsquo;\u00c9ole<\/a>, un cadre charmant et romantique en pleine nature, parfait pour une nuit en amoureux ou un week-end en famille. Profitez de prestations telles que jacuzzi, VTT, et repas pr\u00e9par\u00e9s par un chef.<\/p>\n<p>D\u00e9couvrez le charme rustique et l&rsquo;accueil chaleureux de <a href=\"https:\/\/lavieilleauberge-chaudefontaine.fr\" target=\"_blank\" rel=\"noopener noreferrer\">La Vieille Auberge<\/a>, o\u00f9 chaque repas est une c\u00e9l\u00e9bration des saveurs authentiques et des produits locaux. Parfait pour un moment gourmand en famille ou entre amis.<\/p>\n<p>Savourez la cuisine traditionnelle fran\u00e7aise dans une ambiance conviviale chez <a href=\"https:\/\/leptitbouchondijonnais.fr\" target=\"_blank\" rel=\"noopener noreferrer\">Le P&rsquo;tit Bouchon Dijonnais<\/a>. Un restaurant o\u00f9 la qualit\u00e9 des produits frais locaux est \u00e0 l&rsquo;honneur pour vous garantir des plats savoureux et authentiques.<\/p>\n<p>Profitez d&rsquo;une cuisine authentique et savoureuse chez <a href=\"https:\/\/chez-laurette-dole.com\" target=\"_blank\" rel=\"noopener noreferrer\">Chez Laurette<\/a> \u00e0 Dole, o\u00f9 chaque plat raconte une histoire de go\u00fbt et de tradition. Venez d\u00e9couvrir nos sp\u00e9cialit\u00e9s dans une ambiance chaleureuse et conviviale.<\/p>\n<p>Plongez dans l&rsquo;univers gourmand de <a href=\"https:\/\/labesaceducomtois.fr\" target=\"_blank\" rel=\"noopener noreferrer\">La Besace du Comtois<\/a>, votre magasin de produits r\u00e9gionaux \u00e0 Saint-Claude. D\u00e9couvrez une vaste s\u00e9lection de fromages du Jura, charcuteries, salaisons, et autres sp\u00e9cialit\u00e9s de Franche-Comt\u00e9, choisis pour leur qualit\u00e9 et leur proximit\u00e9 g\u00e9ographique. Venez savourer les saveurs authentiques de notre belle r\u00e9gion !<\/p>\n<p>Vivez une exp\u00e9rience unique au <a href=\"https:\/\/le-monde-d-apres.com\" target=\"_blank\" rel=\"noopener noreferrer\">Le Monde d&rsquo;Apr\u00e8s<\/a>, un bar \u00e0 vins d\u00e9di\u00e9 aux amoureux du vin. D\u00e9couvrez une s\u00e9lection rigoureuse de vins bio, naturels, et issus d&rsquo;une viticulture respectueuse, dans une ambiance conviviale et musicale.<\/p>\n<p>D\u00e9couvrez la richesse du terroir avec <a href=\"https:\/\/fromageriebenoit.eu\" target=\"_blank\" rel=\"noopener noreferrer\">Fromagerie Benoit<\/a>. Profitez d&rsquo;une s\u00e9lection exquise de fromages, charcuteries, et miels du Jura, ainsi que d&rsquo;une vari\u00e9t\u00e9 de vins, tous choisis pour leur qualit\u00e9 exceptionnelle. Visitez nos boutiques \u00e0 Dole et Dijon pour une exp\u00e9rience gustative authentique.<\/p>\n<p>Explorez les saveurs uniques de la Bourgogne Franche-Comt\u00e9 avec <a href=\"https:\/\/produits-regionaux-benoit.fr\" target=\"_blank\" rel=\"noopener noreferrer\">Produits R\u00e9gionaux Benoit<\/a>. D\u00e9couvrez une gamme de fromages, charcuteries, vins, et autres sp\u00e9cialit\u00e9s locales, enrichie par des recettes authentiques pour ravir vos papilles.<\/p>\n<p>D\u00e9couvrez l&rsquo;excellence viticole au <a href=\"https:\/\/domaine-de-la-bougarde.fr\" target=\"_blank\" rel=\"noopener noreferrer\">Domaine de la Bougarde<\/a>, nich\u00e9 au c\u0153ur du Jura. Plongez dans un voyage sensoriel unique gr\u00e2ce \u00e0 notre s\u00e9lection de vins, fruit d&rsquo;un savoir-faire transmis de g\u00e9n\u00e9ration en g\u00e9n\u00e9ration et d&rsquo;une passion pour la viticulture durable.<\/p>\n<p>Vivez une exp\u00e9rience culinaire authentique \u00e0 <a href=\"https:\/\/auberge-jura.fr\" target=\"_blank\" rel=\"noopener noreferrer\">l&rsquo;Auberge du Comtois<\/a>. Savourez des plats traditionnels du Jura, pr\u00e9par\u00e9s avec passion et des produits locaux, dans une ambiance conviviale qui c\u00e9l\u00e8bre l&rsquo;esprit et les saveurs de la r\u00e9gion.<\/p>\n<p>&nbsp;<\/p>\n<p>&nbsp;<\/p>\n<\/div>\n<\/div>\n<\/div>\n<\/div>\n<\/div>\n<p>[\/et_pb_text][\/et_pb_column][\/et_pb_row][\/et_pb_section]<\/p>\n","protected":false},"excerpt":{"rendered":"<p>Vie priv\u00e9e et protection des donn\u00e9es de SARL Cabrol Ce site a \u00e9t\u00e9 con\u00e7u et r\u00e9alis\u00e9 par N3Web Son h\u00e9bergement est assur\u00e9 par Infomaniak, Centres de donn\u00e9es localis\u00e9s\u00a0en Suisse Protection de la vie priv\u00e9e En vertu de l\u2019article 6 de la loi n\u00b0 2004-575 du 21 juin 2004 pour la confiance dans l\u2019\u00e9conomie num\u00e9rique, il [&hellip;]<\/p>\n","protected":false},"author":1,"featured_media":0,"parent":0,"menu_order":0,"comment_status":"closed","ping_status":"closed","template":"","meta":{"_et_pb_use_builder":"on","_et_pb_old_content":"","_et_gb_content_width":"","footnotes":""},"class_list":["post-29398","page","type-page","status-publish","hentry"],"yoast_head":"<!-- This site is optimized with the Yoast SEO plugin v27.4 - https:\/\/yoast.com\/product\/yoast-seo-wordpress\/ -->\n<title>Mentions l\u00e9gales - Gite du Cabrol | Jura<\/title>\n<meta name=\"description\" content=\"Mentions l\u00e9gales du G\u00eete du Cabrol\" \/>\n<meta name=\"robots\" content=\"index, follow, max-snippet:-1, max-image-preview:large, max-video-preview:-1\" \/>\n<link rel=\"canonical\" href=\"https:\/\/giteducabrol.com\/en\/mentions-legales\/\" \/>\n<meta property=\"og:locale\" content=\"en_GB\" \/>\n<meta property=\"og:type\" content=\"article\" \/>\n<meta property=\"og:title\" content=\"Mentions l\u00e9gales - Gite du Cabrol | Jura\" \/>\n<meta property=\"og:description\" content=\"Mentions l\u00e9gales du G\u00eete du Cabrol\" \/>\n<meta property=\"og:url\" content=\"https:\/\/giteducabrol.com\/en\/mentions-legales\/\" \/>\n<meta property=\"og:site_name\" content=\"Gite du Cabrol | Jura\" \/>\n<meta property=\"article:modified_time\" content=\"2024-11-15T09:17:48+00:00\" \/>\n<meta property=\"og:image\" content=\"http:\/\/www.net-liens.com\/img\/media\/nl1.jpg\" \/>\n<meta name=\"twitter:card\" content=\"summary_large_image\" \/>\n<meta name=\"twitter:label1\" content=\"Est. reading time\" \/>\n\t<meta name=\"twitter:data1\" content=\"1 minute\" \/>\n<script type=\"application\/ld+json\" class=\"yoast-schema-graph\">{\"@context\":\"https:\\\/\\\/schema.org\",\"@graph\":[{\"@type\":\"WebPage\",\"@id\":\"https:\\\/\\\/giteducabrol.com\\\/mentions-legales\\\/\",\"url\":\"https:\\\/\\\/giteducabrol.com\\\/mentions-legales\\\/\",\"name\":\"Mentions l\u00e9gales - Gite du Cabrol | Jura\",\"isPartOf\":{\"@id\":\"https:\\\/\\\/giteducabrol.com\\\/#website\"},\"primaryImageOfPage\":{\"@id\":\"https:\\\/\\\/giteducabrol.com\\\/mentions-legales\\\/#primaryimage\"},\"image\":{\"@id\":\"https:\\\/\\\/giteducabrol.com\\\/mentions-legales\\\/#primaryimage\"},\"thumbnailUrl\":\"http:\\\/\\\/www.net-liens.com\\\/img\\\/media\\\/nl1.jpg\",\"datePublished\":\"2022-10-17T14:28:43+00:00\",\"dateModified\":\"2024-11-15T09:17:48+00:00\",\"description\":\"Mentions l\u00e9gales du G\u00eete du Cabrol\",\"breadcrumb\":{\"@id\":\"https:\\\/\\\/giteducabrol.com\\\/mentions-legales\\\/#breadcrumb\"},\"inLanguage\":\"en-GB\",\"potentialAction\":[{\"@type\":\"ReadAction\",\"target\":[\"https:\\\/\\\/giteducabrol.com\\\/mentions-legales\\\/\"]}]},{\"@type\":\"ImageObject\",\"inLanguage\":\"en-GB\",\"@id\":\"https:\\\/\\\/giteducabrol.com\\\/mentions-legales\\\/#primaryimage\",\"url\":\"http:\\\/\\\/www.net-liens.com\\\/img\\\/media\\\/nl1.jpg\",\"contentUrl\":\"http:\\\/\\\/www.net-liens.com\\\/img\\\/media\\\/nl1.jpg\"},{\"@type\":\"BreadcrumbList\",\"@id\":\"https:\\\/\\\/giteducabrol.com\\\/mentions-legales\\\/#breadcrumb\",\"itemListElement\":[{\"@type\":\"ListItem\",\"position\":1,\"name\":\"Accueil\",\"item\":\"https:\\\/\\\/giteducabrol.com\\\/\"},{\"@type\":\"ListItem\",\"position\":2,\"name\":\"Mentions l\u00e9gales\"}]},{\"@type\":\"WebSite\",\"@id\":\"https:\\\/\\\/giteducabrol.com\\\/#website\",\"url\":\"https:\\\/\\\/giteducabrol.com\\\/\",\"name\":\"Gite du Cabrol | Jura\",\"description\":\"\",\"potentialAction\":[{\"@type\":\"SearchAction\",\"target\":{\"@type\":\"EntryPoint\",\"urlTemplate\":\"https:\\\/\\\/giteducabrol.com\\\/?s={search_term_string}\"},\"query-input\":{\"@type\":\"PropertyValueSpecification\",\"valueRequired\":true,\"valueName\":\"search_term_string\"}}],\"inLanguage\":\"en-GB\"}]}<\/script>\n<!-- \/ Yoast SEO plugin. -->","yoast_head_json":{"title":"Mentions l\u00e9gales - Gite du Cabrol | Jura","description":"Mentions l\u00e9gales du G\u00eete du Cabrol","robots":{"index":"index","follow":"follow","max-snippet":"max-snippet:-1","max-image-preview":"max-image-preview:large","max-video-preview":"max-video-preview:-1"},"canonical":"https:\/\/giteducabrol.com\/en\/mentions-legales\/","og_locale":"en_GB","og_type":"article","og_title":"Mentions l\u00e9gales - Gite du Cabrol | Jura","og_description":"Mentions l\u00e9gales du G\u00eete du Cabrol","og_url":"https:\/\/giteducabrol.com\/en\/mentions-legales\/","og_site_name":"Gite du Cabrol | Jura","article_modified_time":"2024-11-15T09:17:48+00:00","og_image":[{"url":"http:\/\/www.net-liens.com\/img\/media\/nl1.jpg","type":"","width":"","height":""}],"twitter_card":"summary_large_image","twitter_misc":{"Est. reading time":"1 minute"},"schema":{"@context":"https:\/\/schema.org","@graph":[{"@type":"WebPage","@id":"https:\/\/giteducabrol.com\/mentions-legales\/","url":"https:\/\/giteducabrol.com\/mentions-legales\/","name":"Mentions l\u00e9gales - Gite du Cabrol | Jura","isPartOf":{"@id":"https:\/\/giteducabrol.com\/#website"},"primaryImageOfPage":{"@id":"https:\/\/giteducabrol.com\/mentions-legales\/#primaryimage"},"image":{"@id":"https:\/\/giteducabrol.com\/mentions-legales\/#primaryimage"},"thumbnailUrl":"http:\/\/www.net-liens.com\/img\/media\/nl1.jpg","datePublished":"2022-10-17T14:28:43+00:00","dateModified":"2024-11-15T09:17:48+00:00","description":"Mentions l\u00e9gales du G\u00eete du Cabrol","breadcrumb":{"@id":"https:\/\/giteducabrol.com\/mentions-legales\/#breadcrumb"},"inLanguage":"en-GB","potentialAction":[{"@type":"ReadAction","target":["https:\/\/giteducabrol.com\/mentions-legales\/"]}]},{"@type":"ImageObject","inLanguage":"en-GB","@id":"https:\/\/giteducabrol.com\/mentions-legales\/#primaryimage","url":"http:\/\/www.net-liens.com\/img\/media\/nl1.jpg","contentUrl":"http:\/\/www.net-liens.com\/img\/media\/nl1.jpg"},{"@type":"BreadcrumbList","@id":"https:\/\/giteducabrol.com\/mentions-legales\/#breadcrumb","itemListElement":[{"@type":"ListItem","position":1,"name":"Accueil","item":"https:\/\/giteducabrol.com\/"},{"@type":"ListItem","position":2,"name":"Mentions l\u00e9gales"}]},{"@type":"WebSite","@id":"https:\/\/giteducabrol.com\/#website","url":"https:\/\/giteducabrol.com\/","name":"Gite du Cabrol | Jura","description":"","potentialAction":[{"@type":"SearchAction","target":{"@type":"EntryPoint","urlTemplate":"https:\/\/giteducabrol.com\/?s={search_term_string}"},"query-input":{"@type":"PropertyValueSpecification","valueRequired":true,"valueName":"search_term_string"}}],"inLanguage":"en-GB"}]}},"_links":{"self":[{"href":"https:\/\/giteducabrol.com\/en\/wp-json\/wp\/v2\/pages\/29398","targetHints":{"allow":["GET"]}}],"collection":[{"href":"https:\/\/giteducabrol.com\/en\/wp-json\/wp\/v2\/pages"}],"about":[{"href":"https:\/\/giteducabrol.com\/en\/wp-json\/wp\/v2\/types\/page"}],"author":[{"embeddable":true,"href":"https:\/\/giteducabrol.com\/en\/wp-json\/wp\/v2\/users\/1"}],"replies":[{"embeddable":true,"href":"https:\/\/giteducabrol.com\/en\/wp-json\/wp\/v2\/comments?post=29398"}],"version-history":[{"count":9,"href":"https:\/\/giteducabrol.com\/en\/wp-json\/wp\/v2\/pages\/29398\/revisions"}],"predecessor-version":[{"id":30568,"href":"https:\/\/giteducabrol.com\/en\/wp-json\/wp\/v2\/pages\/29398\/revisions\/30568"}],"wp:attachment":[{"href":"https:\/\/giteducabrol.com\/en\/wp-json\/wp\/v2\/media?parent=29398"}],"curies":[{"name":"wp","href":"https:\/\/api.w.org\/{rel}","templated":true}]}}