{"id":28904,"date":"2022-06-29T15:38:58","date_gmt":"2022-06-29T13:38:58","guid":{"rendered":"https:\/\/giteducabrol.com\/?page_id=28904"},"modified":"2023-09-05T15:20:35","modified_gmt":"2023-09-05T13:20:35","slug":"autour-de-chez-nous","status":"publish","type":"page","link":"https:\/\/giteducabrol.com\/en\/autour-de-chez-nous\/","title":{"rendered":"Around us"},"content":{"rendered":"<p>[et_pb_section fb_built=\u00a0\u00bb1&Prime; custom_padding_last_edited=\u00a0\u00bbon|phone\u00a0\u00bb admin_label=\u00a0\u00bbHero Section\u00a0\u00bb _builder_version=\u00a0\u00bb4.17.4&Prime; _module_preset=\u00a0\u00bbdefault\u00a0\u00bb background_enable_image=\u00a0\u00bboff\u00a0\u00bb background_video_mp4=\u00a0\u00bbhttps:\/\/giteducabrol.com\/wp-content\/uploads\/2022\/06\/From-The-Air-9798.mp4&Prime; custom_padding=\u00a0\u00bb6.8%||10%|||\u00a0\u00bb custom_padding_tablet=\u00a0\u00bb10%||10%|\u00a0\u00bb custom_padding_phone=\u00a0\u00bb10%||10%|\u00a0\u00bb locked=\u00a0\u00bboff\u00a0\u00bb global_colors_info=\u00a0\u00bb{}\u00a0\u00bb][et_pb_row column_structure=\u00a0\u00bb1_2,1_2&Prime; admin_label=\u00a0\u00bbHero Area\u00a0\u00bb _builder_version=\u00a0\u00bb4.17.4&Prime; _module_preset=\u00a0\u00bbdefault\u00a0\u00bb width=\u00a0\u00bb93%\u00a0\u00bb custom_margin=\u00a0\u00bb50px|auto||auto||\u00a0\u00bb custom_padding=\u00a0\u00bb0px|||||\u00a0\u00bb global_colors_info=\u00a0\u00bb{}\u00a0\u00bb][et_pb_column type=\u00a0\u00bb1_2&Prime; _builder_version=\u00a0\u00bb4.17.4&Prime; _module_preset=\u00a0\u00bbdefault\u00a0\u00bb background_color=\u00a0\u00bb#3a5a86&Prime; custom_padding=\u00a0\u00bb66px|29px|66px|29px|true|true\u00a0\u00bb animation_style=\u00a0\u00bbslide\u00a0\u00bb animation_direction=\u00a0\u00bbleft\u00a0\u00bb animation_delay=\u00a0\u00bb150ms\u00a0\u00bb animation_intensity_slide=\u00a0\u00bb13%\u00a0\u00bb box_shadow_style=\u00a0\u00bbpreset2&Prime; box_shadow_blur=\u00a0\u00bb17px\u00a0\u00bb box_shadow_spread=\u00a0\u00bb4px\u00a0\u00bb box_shadow_color=\u00a0\u00bbrgba(0,0,0,0.44)\u00a0\u00bb global_colors_info=\u00a0\u00bb{}\u00a0\u00bb custom_padding__hover=\u00a0\u00bb|||\u00a0\u00bb][et_pb_text _builder_version=\u00a0\u00bb4.17.4&Prime; _module_preset=\u00a0\u00bbdefault\u00a0\u00bb text_text_color=\u00a0\u00bb#f4f4f4&Prime; header_font=\u00a0\u00bbComfortaa||||||||\u00a0\u00bb header_text_color=\u00a0\u00bb#eaeaea\u00a0\u00bb header_font_size=\u00a0\u00bb53px\u00a0\u00bb header_font_size_tablet=\u00a0\u00bb53px\u00a0\u00bb header_font_size_phone=\u00a0\u00bb40px\u00a0\u00bb header_font_size_last_edited=\u00a0\u00bbon|phone\u00a0\u00bb global_colors_info=\u00a0\u00bb{}\u00a0\u00bb]<\/p>\n<h1>Tourisme<br \/>dans le Jura<\/h1>\n<p>[\/et_pb_text][\/et_pb_column][et_pb_column type=\u00a0\u00bb1_2&Prime; _builder_version=\u00a0\u00bb4.16&Prime; _module_preset=\u00a0\u00bbdefault\u00a0\u00bb custom_padding=\u00a0\u00bb|||\u00a0\u00bb global_colors_info=\u00a0\u00bb{}\u00a0\u00bb custom_padding__hover=\u00a0\u00bb|||\u00a0\u00bb][\/et_pb_column][\/et_pb_row][\/et_pb_section][et_pb_section fb_built=\u00a0\u00bb1&Prime; _builder_version=\u00a0\u00bb4.17.4&Prime; _module_preset=\u00a0\u00bbdefault\u00a0\u00bb custom_padding=\u00a0\u00bb||40px|||\u00a0\u00bb global_colors_info=\u00a0\u00bb{}\u00a0\u00bb][et_pb_row _builder_version=\u00a0\u00bb4.17.4&Prime; _module_preset=\u00a0\u00bbdefault\u00a0\u00bb global_colors_info=\u00a0\u00bb{}\u00a0\u00bb][et_pb_column type=\u00a0\u00bb4_4&Prime; _builder_version=\u00a0\u00bb4.17.4&Prime; _module_preset=\u00a0\u00bbdefault\u00a0\u00bb global_colors_info=\u00a0\u00bb{}\u00a0\u00bb][et_pb_text _builder_version=\u00a0\u00bb4.17.4&Prime; _module_preset=\u00a0\u00bbdefault\u00a0\u00bb global_colors_info=\u00a0\u00bb{}\u00a0\u00bb]<\/p>\n<p>Id\u00e9alement situ\u00e9, en plein coeur des paysages Jurassiens. Nos g\u00eetes sont \u00e0 proximit\u00e9 de beaucoup de lieux et visites culturelles typiques de notre r\u00e9gion. Que vous soyez amateur de beaux paysages naturels, de saveurs de caract\u00e8re ou encore de culture artisanale et historique. Vous trouverez forc\u00e9ment votre bonheur parmi les nombreuses activit\u00e9s \u00e0 votre disposition.<\/p>\n<p>[\/et_pb_text][\/et_pb_column][\/et_pb_row][et_pb_row _builder_version=\u00a0\u00bb4.17.4&Prime; _module_preset=\u00a0\u00bbdefault\u00a0\u00bb global_colors_info=\u00a0\u00bb{}\u00a0\u00bb][et_pb_column type=\u00a0\u00bb4_4&Prime; _builder_version=\u00a0\u00bb4.17.4&Prime; _module_preset=\u00a0\u00bbdefault\u00a0\u00bb global_colors_info=\u00a0\u00bb{}\u00a0\u00bb][et_pb_text _builder_version=\u00a0\u00bb4.17.4&Prime; _module_preset=\u00a0\u00bbdefault\u00a0\u00bb text_font=\u00a0\u00bbComfortaa|600|||||||\u00a0\u00bb text_text_color=\u00a0\u00bb#000000&Prime; text_font_size=\u00a0\u00bb25px\u00a0\u00bb global_colors_info=\u00a0\u00bb{}\u00a0\u00bb]<\/p>\n<p style=\"text-align: center;\"><strong>Les Incontournables<\/strong><\/p>\n<p>[\/et_pb_text][\/et_pb_column][\/et_pb_row][et_pb_row column_structure=\u00a0\u00bb1_3,1_3,1_3&Prime; _builder_version=\u00a0\u00bb4.17.4&Prime; _module_preset=\u00a0\u00bbdefault\u00a0\u00bb custom_padding=\u00a0\u00bb50px|||||\u00a0\u00bb global_colors_info=\u00a0\u00bb{}\u00a0\u00bb][et_pb_column type=\u00a0\u00bb1_3&Prime; _builder_version=\u00a0\u00bb4.17.4&Prime; _module_preset=\u00a0\u00bbdefault\u00a0\u00bb global_colors_info=\u00a0\u00bb{}\u00a0\u00bb][et_pb_text _builder_version=\u00a0\u00bb4.17.4&Prime; _module_preset=\u00a0\u00bbdefault\u00a0\u00bb global_colors_info=\u00a0\u00bb{}\u00a0\u00bb]<\/p>\n<h4 id=\"i4o4js87\" data-testid=\"richTextElement\"><strong style=\"font-size: 15px;\">Paysages et Balades :<\/strong><\/h4>\n<div id=\"i4o4my7y\" data-testid=\"richTextElement\">\n<ul>\n<li class=\"font_8\"><span><a href=\"https:\/\/www.cascades-du-herisson.fr\" target=\"_blank\" rel=\"noopener\"><strong>Les Cascades du H\u00e9risson<\/strong><\/a>, site incontournable du Jura avec ses 31 sauts et 7 cascades.<\/span><\/li>\n<\/ul>\n<ul>\n<li class=\"font_8\"><span>La vue\u00a0de <strong>Chalain<\/strong>\u00a0<strong>et des\u00a04 lacs<\/strong>\u00a0ainsi qu&rsquo;\u00e0\u00a0<\/span><span><strong>Vouglans<\/strong>, son barrage, son\u00a0<\/span><strong>Belv\u00e9d\u00e8re<\/strong><span>\u00a0et sa route des lacs.<\/span><\/li>\n<\/ul>\n<ul>\n<li class=\"font_8\"><span>Les\u00a0<a href=\"https:\/\/www.jura-tourism.com\/patrimoine-naturel\/la-resurgence-de-la-grotte-des-planches\/\"><strong>Grottes des planches<\/strong><\/a> ou des <strong>Moidons\u00a0\u00e0 Arbois<\/strong> ou encore l<\/span><span>&lsquo;<strong>Abbaye<\/strong>, la\u00a0<strong>Recul\u00e9e<\/strong>, la\u00a0<strong>Cascade<\/strong>\u00a0et la\u00a0<strong>Grotte\u00a0de\u00a0Beaume-les-Messieurs<\/strong><\/span><\/li>\n<\/ul>\n<\/div>\n<p>[\/et_pb_text][\/et_pb_column][et_pb_column type=\u00a0\u00bb1_3&Prime; _builder_version=\u00a0\u00bb4.17.4&Prime; _module_preset=\u00a0\u00bbdefault\u00a0\u00bb global_colors_info=\u00a0\u00bb{}\u00a0\u00bb][et_pb_text _builder_version=\u00a0\u00bb4.17.4&Prime; _module_preset=\u00a0\u00bbdefault\u00a0\u00bb custom_margin=\u00a0\u00bb0px|||||\u00a0\u00bb global_colors_info=\u00a0\u00bb{}\u00a0\u00bb]<\/p>\n<h6><strong>Gastronomie et Caves :<\/strong><\/h6>\n<div id=\"i4o4my7y\" data-testid=\"richTextElement\">\n<ul>\n<li class=\"font_8\"><span><strong>Domaine Pignier<\/strong>\u00a0\u00e0 Montaigu, aux<\/span><span>\u00a0<strong>Caves\u00a0Rolet\u00a0et\u00a0Martin<\/strong>\u00a0\u00e0 Arbois,\u00a0<\/span><span><strong>Jean Michel Petit<\/strong>\u00a0\u00e0 Pupillin,\u00a0<\/span><span>Badoz\u00a0et au <strong>caveau des\u00a0Jacobins\u00a0\u00e0 Poligny<\/strong>.<\/span><\/li>\n<\/ul>\n<ul><\/ul>\n<ul>\n<li class=\"font_8\"><span>D\u00e9couvrez l&rsquo;origine du go\u00fbt aux\u00a0<a href=\"https:\/\/www.chapelledesbois.com\/\/?id=15:pages-distilerie&amp;catid=1\" target=\"_blank\" rel=\"noopener\"><strong>Distilleries\u00a0des\u00a0Gentianes<\/strong><\/a>\u00a0\u00e0\u00a0Chapelle les Bois,\u00a0<\/span><span><strong>Pernod\u00a0et\u00a0Guy\u00a0\u00e0\u00a0Pontarlier<\/strong>\u00a0et savourez notre plaisir national chez toutes les <strong>fruiti\u00e8res<\/strong> et\u00a0<strong>fromageries<\/strong> du Jura&#8230;<\/span><\/li>\n<\/ul>\n<\/div>\n<p>[\/et_pb_text][\/et_pb_column][et_pb_column type=\u00a0\u00bb1_3&Prime; _builder_version=\u00a0\u00bb4.17.4&Prime; _module_preset=\u00a0\u00bbdefault\u00a0\u00bb global_colors_info=\u00a0\u00bb{}\u00a0\u00bb][et_pb_text _builder_version=\u00a0\u00bb4.17.4&Prime; _module_preset=\u00a0\u00bbdefault\u00a0\u00bb custom_margin=\u00a0\u00bb1px|||||\u00a0\u00bb global_colors_info=\u00a0\u00bb{}\u00a0\u00bb]<\/p>\n<h6><strong>Mus\u00e9es et Culture :<\/strong><\/h6>\n<div id=\"i4o4my7y\" data-testid=\"richTextElement\">\n<ul>\n<li class=\"font_8\"><span><strong>Exposition des pipes<\/strong>\u00a0de\u00a0Saint-Claude, <strong>la\u00a0Taillerie de pierres pr\u00e9cieuses<\/strong>\u00a0\u00e0\u00a0Mijoux, <strong>la\u00a0taillerie de diamants<\/strong>\u00a0\u00e0\u00a0Bellefontaine\u00a0et l<\/span><span>a\u00a0<strong>Maison et le laboratoire de Pasteur<\/strong>\u00a0\u00e0\u00a0Arbois.<\/span><\/li>\n<\/ul>\n<ul><\/ul>\n<ul>\n<li class=\"font_8\"><span>Ouvrez grand vos yeux au sein du\u00a0<\/span><span><strong>Mus\u00e9e de la Boisselerie<\/strong>\u00a0\u00e0\u00a0Bois d&rsquo;Amont, du\u00a0<\/span><span><strong>Mus\u00e9e de la lunettes\u00a0<\/strong>\u00e0\u00a0Morez\u00a0mais aussi du\u00a0<\/span><span><strong>Mus\u00e9e de la Tournerie sur Corne\u00a0et Yvoire<\/strong>\u00a0\u00e0\u00a0Lizon et le mus\u00e9e des machines \u00e0 nourrir le monde \u00e0 Clairvaux les Lacs.<\/span><\/li>\n<\/ul>\n<\/div>\n<p>[\/et_pb_text][\/et_pb_column][\/et_pb_row][et_pb_row _builder_version=\u00a0\u00bb4.17.4&Prime; _module_preset=\u00a0\u00bbdefault\u00a0\u00bb global_colors_info=\u00a0\u00bb{}\u00a0\u00bb][et_pb_column type=\u00a0\u00bb4_4&Prime; _builder_version=\u00a0\u00bb4.17.4&Prime; _module_preset=\u00a0\u00bbdefault\u00a0\u00bb global_colors_info=\u00a0\u00bb{}\u00a0\u00bb][et_pb_divider _builder_version=\u00a0\u00bb4.17.4&Prime; _module_preset=\u00a0\u00bbdefault\u00a0\u00bb global_colors_info=\u00a0\u00bb{}\u00a0\u00bb][\/et_pb_divider][\/et_pb_column][\/et_pb_row][et_pb_row column_structure=\u00a0\u00bb3_5,2_5&Prime; _builder_version=\u00a0\u00bb4.17.4&Prime; _module_preset=\u00a0\u00bbdefault\u00a0\u00bb custom_padding=\u00a0\u00bb||4px|||\u00a0\u00bb global_colors_info=\u00a0\u00bb{}\u00a0\u00bb][et_pb_column type=\u00a0\u00bb3_5&Prime; _builder_version=\u00a0\u00bb4.17.4&Prime; _module_preset=\u00a0\u00bbdefault\u00a0\u00bb global_colors_info=\u00a0\u00bb{}\u00a0\u00bb][et_pb_text _builder_version=\u00a0\u00bb4.17.4&Prime; _module_preset=\u00a0\u00bbdefault\u00a0\u00bb text_font=\u00a0\u00bbComfortaa||||||||\u00a0\u00bb text_text_color=\u00a0\u00bb#000000&Prime; text_font_size=\u00a0\u00bb20px\u00a0\u00bb custom_margin=\u00a0\u00bb11px||4px|||\u00a0\u00bb custom_padding=\u00a0\u00bb||4px|||\u00a0\u00bb global_colors_info=\u00a0\u00bb{}\u00a0\u00bb]<\/p>\n<p><strong>Printemps \/ \u00c9t\u00e9<\/strong><\/p>\n<p>[\/et_pb_text][\/et_pb_column][et_pb_column type=\u00a0\u00bb2_5&Prime; _builder_version=\u00a0\u00bb4.17.4&Prime; _module_preset=\u00a0\u00bbdefault\u00a0\u00bb global_colors_info=\u00a0\u00bb{}\u00a0\u00bb][\/et_pb_column][\/et_pb_row][et_pb_row column_structure=\u00a0\u00bb1_3,1_3,1_3&Prime; _builder_version=\u00a0\u00bb4.17.4&Prime; _module_preset=\u00a0\u00bbdefault\u00a0\u00bb background_color=\u00a0\u00bbRGBA(255,255,255,0)\u00a0\u00bb custom_margin=\u00a0\u00bb-14px|auto||auto||\u00a0\u00bb global_colors_info=\u00a0\u00bb{}\u00a0\u00bb][et_pb_column type=\u00a0\u00bb1_3&Prime; _builder_version=\u00a0\u00bb4.17.4&Prime; _module_preset=\u00a0\u00bbdefault\u00a0\u00bb global_colors_info=\u00a0\u00bb{}\u00a0\u00bb][et_pb_text _builder_version=\u00a0\u00bb4.17.4&Prime; _module_preset=\u00a0\u00bbdefault\u00a0\u00bb global_colors_info=\u00a0\u00bb{}\u00a0\u00bb]<\/p>\n<p>&nbsp;<\/p>\n<div id=\"i4o4my7y\" data-testid=\"richTextElement\">\n<ul>\n<li><a href=\"https:\/\/www.jura-tourism.com\/vivre-le-jura\/visiter\/les-incontournables\/lac-de-chalain\/\" target=\"_blank\" rel=\"noopener\"><strong>Lac de Chalain<\/strong><\/a>\u00a0: plages am\u00e9nag\u00e9es et surveill\u00e9es, p\u00e9dalo, cano\u00eb\/kayak, paddle, parc aquatique, p\u00eache<\/li>\n<li><a href=\"https:\/\/www.jura-tourism.com\/vivre-le-jura\/visiter\/les-incontournables\/lac-de-vouglans\/\" target=\"_blank\" rel=\"noopener\"><strong>Lac de Vouglans<\/strong>\u00a0<\/a>: plages am\u00e9nag\u00e9es et surveill\u00e9es, p\u00eache, sports nautiques, plong\u00e9e<\/li>\n<li><a href=\"https:\/\/www.jura-tourism.com\/vivre-le-jura\/visiter\/villes-et-villages\/clairvaux-les-lacs\/\" target=\"_blank\" rel=\"noopener\"><strong>Lac de Clairvaux-les-Lacs<\/strong><\/a>\u00a0: plage am\u00e9nag\u00e9e et surveill\u00e9e<\/li>\n<li><strong>15 autres tr\u00e8s beaux lacs de montagne \u00e0 moins de 20 minutes du G\u00eete du Cabrol.<\/strong><\/li>\n<\/ul>\n<\/div>\n<p>[\/et_pb_text][\/et_pb_column][et_pb_column type=\u00a0\u00bb1_3&Prime; _builder_version=\u00a0\u00bb4.17.4&Prime; _module_preset=\u00a0\u00bbdefault\u00a0\u00bb global_colors_info=\u00a0\u00bb{}\u00a0\u00bb][et_pb_text _builder_version=\u00a0\u00bb4.17.4&Prime; _module_preset=\u00a0\u00bbdefault\u00a0\u00bb custom_margin=\u00a0\u00bb28px|||||\u00a0\u00bb global_colors_info=\u00a0\u00bb{}\u00a0\u00bb]<\/p>\n<p><strong>Randonn\u00e9es dans le Jura :<\/strong><\/p>\n<ul>\n<li>Le Tour du lac de Chalain<\/li>\n<li>Le Belv\u00e9d\u00e8re des 4 lacs<\/li>\n<li>Les Cascades du H\u00e9risson<\/li>\n<li>Le Tour du lac du Bonlieu<\/li>\n<li>Le Tour des 4 lacs<\/li>\n<li>La recul\u00e9e de Baume-les-Messieurs<\/li>\n<\/ul>\n<p>[\/et_pb_text][\/et_pb_column][et_pb_column type=\u00a0\u00bb1_3&Prime; _builder_version=\u00a0\u00bb4.17.4&Prime; _module_preset=\u00a0\u00bbdefault\u00a0\u00bb global_colors_info=\u00a0\u00bb{}\u00a0\u00bb][et_pb_image src=\u00a0\u00bbhttps:\/\/giteducabrol.com\/wp-content\/uploads\/2022\/07\/chute-majestueuse.jpg\u00a0\u00bb alt=\u00a0\u00bbUne cascade au milieu des arbres\u00a0\u00bb title_text=\u00a0\u00bbchute-majestueuse\u00a0\u00bb _builder_version=\u00a0\u00bb4.21.0&Prime; _module_preset=\u00a0\u00bbdefault\u00a0\u00bb custom_margin=\u00a0\u00bb-60px|||||\u00a0\u00bb hover_enabled=\u00a0\u00bb0&Prime; global_colors_info=\u00a0\u00bb{}\u00a0\u00bb disabled_on=\u00a0\u00bbon|off|off\u00a0\u00bb sticky_enabled=\u00a0\u00bb0&Prime;][\/et_pb_image][\/et_pb_column][\/et_pb_row][et_pb_row _builder_version=\u00a0\u00bb4.17.4&Prime; _module_preset=\u00a0\u00bbdefault\u00a0\u00bb global_colors_info=\u00a0\u00bb{}\u00a0\u00bb][et_pb_column type=\u00a0\u00bb4_4&Prime; _builder_version=\u00a0\u00bb4.17.4&Prime; _module_preset=\u00a0\u00bbdefault\u00a0\u00bb global_colors_info=\u00a0\u00bb{}\u00a0\u00bb][et_pb_divider _builder_version=\u00a0\u00bb4.17.4&Prime; _module_preset=\u00a0\u00bbdefault\u00a0\u00bb custom_margin=\u00a0\u00bb||16px|||\u00a0\u00bb global_colors_info=\u00a0\u00bb{}\u00a0\u00bb][\/et_pb_divider][\/et_pb_column][\/et_pb_row][et_pb_row column_structure=\u00a0\u00bb1_3,2_3&Prime; _builder_version=\u00a0\u00bb4.17.4&Prime; _module_preset=\u00a0\u00bbdefault\u00a0\u00bb custom_padding=\u00a0\u00bb||4px|||\u00a0\u00bb global_colors_info=\u00a0\u00bb{}\u00a0\u00bb][et_pb_column type=\u00a0\u00bb1_3&Prime; _builder_version=\u00a0\u00bb4.17.4&Prime; _module_preset=\u00a0\u00bbdefault\u00a0\u00bb global_colors_info=\u00a0\u00bb{}\u00a0\u00bb][\/et_pb_column][et_pb_column type=\u00a0\u00bb2_3&Prime; _builder_version=\u00a0\u00bb4.17.4&Prime; _module_preset=\u00a0\u00bbdefault\u00a0\u00bb global_colors_info=\u00a0\u00bb{}\u00a0\u00bb][et_pb_text _builder_version=\u00a0\u00bb4.17.4&Prime; _module_preset=\u00a0\u00bbdefault\u00a0\u00bb text_font=\u00a0\u00bbComfortaa||||||||\u00a0\u00bb text_text_color=\u00a0\u00bb#000000&Prime; text_font_size=\u00a0\u00bb20px\u00a0\u00bb global_colors_info=\u00a0\u00bb{}\u00a0\u00bb]<\/p>\n<p><strong>Automne \/ Hiver<\/strong><\/p>\n<p>[\/et_pb_text][\/et_pb_column][\/et_pb_row][et_pb_row column_structure=\u00a0\u00bb1_3,1_3,1_3&Prime; _builder_version=\u00a0\u00bb4.17.4&Prime; _module_preset=\u00a0\u00bbdefault\u00a0\u00bb global_colors_info=\u00a0\u00bb{}\u00a0\u00bb][et_pb_column type=\u00a0\u00bb1_3&Prime; _builder_version=\u00a0\u00bb4.17.4&Prime; _module_preset=\u00a0\u00bbdefault\u00a0\u00bb global_colors_info=\u00a0\u00bb{}\u00a0\u00bb][et_pb_image src=\u00a0\u00bbhttps:\/\/giteducabrol.com\/wp-content\/uploads\/2022\/07\/photo-les-rousses_Plan-de-travail-1-copie-2.png\u00a0\u00bb alt=\u00a0\u00bbUn village sous la neige\u00a0\u00bb title_text=\u00a0\u00bbphoto les rousses_Plan de travail 1 copie 2&Prime; _builder_version=\u00a0\u00bb4.17.4&Prime; _module_preset=\u00a0\u00bbdefault\u00a0\u00bb custom_margin=\u00a0\u00bb-84px|||||\u00a0\u00bb custom_padding=\u00a0\u00bb1px|||||\u00a0\u00bb global_colors_info=\u00a0\u00bb{}\u00a0\u00bb][\/et_pb_image][\/et_pb_column][et_pb_column type=\u00a0\u00bb1_3&Prime; _builder_version=\u00a0\u00bb4.17.4&Prime; _module_preset=\u00a0\u00bbdefault\u00a0\u00bb global_colors_info=\u00a0\u00bb{}\u00a0\u00bb][et_pb_text _builder_version=\u00a0\u00bb4.17.4&Prime; _module_preset=\u00a0\u00bbdefault\u00a0\u00bb custom_margin=\u00a0\u00bb21px|||||\u00a0\u00bb global_colors_info=\u00a0\u00bb{}\u00a0\u00bb]<\/p>\n<ul>\n<li>La <a href=\"https:\/\/www.lesrousses.com\" target=\"_blank\" rel=\"noopener\"><strong>Station des Rousses<\/strong><\/a>\u00a0est le plus grand domaine skiable du Jura, avec des pistes de ski alpin adapt\u00e9es pour les familles.<\/li>\n<\/ul>\n<div id=\"i4o4my7y\" data-testid=\"richTextElement\">\n<ul>\n<li class=\"font_8\"><span>Avec quatre domaines skiables dans le Jura, entre Foncine-le-haut, Morbier et Saint-Claude, le Jura vous accueille sur les pistes de <strong>ski alpin<\/strong>\u00a0ou pour des\u00a0<strong>randonn\u00e9es<\/strong>\u00a0de diff\u00e9rents niveaux.<\/span><\/li>\n<\/ul>\n<\/div>\n<p>[\/et_pb_text][\/et_pb_column][et_pb_column type=\u00a0\u00bb1_3&Prime; _builder_version=\u00a0\u00bb4.17.4&Prime; _module_preset=\u00a0\u00bbdefault\u00a0\u00bb global_colors_info=\u00a0\u00bb{}\u00a0\u00bb][et_pb_text _builder_version=\u00a0\u00bb4.17.4&Prime; _module_preset=\u00a0\u00bbdefault\u00a0\u00bb custom_margin=\u00a0\u00bb-31px|||||\u00a0\u00bb global_colors_info=\u00a0\u00bb{}\u00a0\u00bb]<\/p>\n<ul>\n<li><span>Ses nombreuses pistes de\u00a0<strong>ski de fond<\/strong>\u00a0balis\u00e9es fait du Jura l&rsquo;endroit id\u00e9al pour vos vacances d&rsquo;hiver et d\u00e9couvrir la beaut\u00e9 de notre\u00a0<strong>Parc Naturel R\u00e9gional du Haut-Jura<\/strong>\u00a0sous la neige.<\/span><span><\/span><\/li>\n<\/ul>\n<p><span><\/span><\/p>\n<ul>\n<li><span>Sans ski, mais tout aussi agr\u00e9able et d\u00e9paysant, la <strong>randonn\u00e9e en raquettes<\/strong> est la mani\u00e8re la plus facile pour se promener dans les montagnes du Jura en hiver. Accessible \u00e0 tous et pour tous, vous y d\u00e9couvrirez sa faune et croiserez ses habitants, tel que <strong>le<\/strong><\/span><span><strong>\u00a0Cabrol<\/strong>\u00a0<\/span><span>!<\/span><\/li>\n<\/ul>\n<p>[\/et_pb_text][\/et_pb_column][\/et_pb_row][\/et_pb_section]<\/p>\n","protected":false},"excerpt":{"rendered":"<p>Tourismedans le JuraId\u00e9alement situ\u00e9, en plein coeur des paysages Jurassiens. Nos g\u00eetes sont \u00e0 proximit\u00e9 de beaucoup de lieux et visites culturelles typiques de notre r\u00e9gion. Que vous soyez amateur de beaux paysages naturels, de saveurs de caract\u00e8re ou encore de culture artisanale et historique. Vous trouverez forc\u00e9ment votre bonheur parmi les nombreuses activit\u00e9s \u00e0 [&hellip;]<\/p>\n","protected":false},"author":1,"featured_media":0,"parent":0,"menu_order":0,"comment_status":"closed","ping_status":"closed","template":"","meta":{"_et_pb_use_builder":"on","_et_pb_old_content":"","_et_gb_content_width":"","footnotes":""},"class_list":["post-28904","page","type-page","status-publish","hentry"],"yoast_head":"<!-- This site is optimized with the Yoast SEO plugin v27.6 - https:\/\/yoast.com\/product\/yoast-seo-wordpress\/ -->\n<title>Autour de chez nous - Gite du Cabrol | Jura<\/title>\n<meta name=\"description\" content=\"Autour de chez nous vous trouverez de nombreuses activit\u00e9s, qu&#039;elles soient sportives, gastronomiques ou culturelles.\" \/>\n<meta name=\"robots\" content=\"index, follow, max-snippet:-1, max-image-preview:large, max-video-preview:-1\" \/>\n<link rel=\"canonical\" href=\"https:\/\/giteducabrol.com\/en\/autour-de-chez-nous\/\" \/>\n<meta property=\"og:locale\" content=\"en_GB\" \/>\n<meta property=\"og:type\" content=\"article\" \/>\n<meta property=\"og:title\" content=\"Autour de chez nous - Gite du Cabrol | Jura\" \/>\n<meta property=\"og:description\" content=\"Autour de chez nous vous trouverez de nombreuses activit\u00e9s, qu&#039;elles soient sportives, gastronomiques ou culturelles.\" \/>\n<meta property=\"og:url\" content=\"https:\/\/giteducabrol.com\/en\/autour-de-chez-nous\/\" \/>\n<meta property=\"og:site_name\" content=\"Gite du Cabrol | Jura\" \/>\n<meta property=\"article:modified_time\" content=\"2023-09-05T13:20:35+00:00\" \/>\n<meta name=\"twitter:card\" content=\"summary_large_image\" \/>\n<meta name=\"twitter:label1\" content=\"Est. reading time\" \/>\n\t<meta name=\"twitter:data1\" content=\"4 minutes\" \/>\n<script type=\"application\/ld+json\" class=\"yoast-schema-graph\">{\"@context\":\"https:\\\/\\\/schema.org\",\"@graph\":[{\"@type\":\"WebPage\",\"@id\":\"https:\\\/\\\/giteducabrol.com\\\/autour-de-chez-nous\\\/\",\"url\":\"https:\\\/\\\/giteducabrol.com\\\/autour-de-chez-nous\\\/\",\"name\":\"Autour de chez nous - Gite du Cabrol | Jura\",\"isPartOf\":{\"@id\":\"https:\\\/\\\/giteducabrol.com\\\/#website\"},\"datePublished\":\"2022-06-29T13:38:58+00:00\",\"dateModified\":\"2023-09-05T13:20:35+00:00\",\"description\":\"Autour de chez nous vous trouverez de nombreuses activit\u00e9s, qu'elles soient sportives, gastronomiques ou culturelles.\",\"breadcrumb\":{\"@id\":\"https:\\\/\\\/giteducabrol.com\\\/autour-de-chez-nous\\\/#breadcrumb\"},\"inLanguage\":\"en-GB\",\"potentialAction\":[{\"@type\":\"ReadAction\",\"target\":[\"https:\\\/\\\/giteducabrol.com\\\/autour-de-chez-nous\\\/\"]}]},{\"@type\":\"BreadcrumbList\",\"@id\":\"https:\\\/\\\/giteducabrol.com\\\/autour-de-chez-nous\\\/#breadcrumb\",\"itemListElement\":[{\"@type\":\"ListItem\",\"position\":1,\"name\":\"Accueil\",\"item\":\"https:\\\/\\\/giteducabrol.com\\\/\"},{\"@type\":\"ListItem\",\"position\":2,\"name\":\"Autour de chez nous\"}]},{\"@type\":\"WebSite\",\"@id\":\"https:\\\/\\\/giteducabrol.com\\\/#website\",\"url\":\"https:\\\/\\\/giteducabrol.com\\\/\",\"name\":\"Gite du Cabrol | Jura\",\"description\":\"\",\"potentialAction\":[{\"@type\":\"SearchAction\",\"target\":{\"@type\":\"EntryPoint\",\"urlTemplate\":\"https:\\\/\\\/giteducabrol.com\\\/?s={search_term_string}\"},\"query-input\":{\"@type\":\"PropertyValueSpecification\",\"valueRequired\":true,\"valueName\":\"search_term_string\"}}],\"inLanguage\":\"en-GB\"}]}<\/script>\n<!-- \/ Yoast SEO plugin. -->","yoast_head_json":{"title":"Autour de chez nous - Gite du Cabrol | Jura","description":"Autour de chez nous vous trouverez de nombreuses activit\u00e9s, qu'elles soient sportives, gastronomiques ou culturelles.","robots":{"index":"index","follow":"follow","max-snippet":"max-snippet:-1","max-image-preview":"max-image-preview:large","max-video-preview":"max-video-preview:-1"},"canonical":"https:\/\/giteducabrol.com\/en\/autour-de-chez-nous\/","og_locale":"en_GB","og_type":"article","og_title":"Autour de chez nous - Gite du Cabrol | Jura","og_description":"Autour de chez nous vous trouverez de nombreuses activit\u00e9s, qu'elles soient sportives, gastronomiques ou culturelles.","og_url":"https:\/\/giteducabrol.com\/en\/autour-de-chez-nous\/","og_site_name":"Gite du Cabrol | Jura","article_modified_time":"2023-09-05T13:20:35+00:00","twitter_card":"summary_large_image","twitter_misc":{"Est. reading time":"4 minutes"},"schema":{"@context":"https:\/\/schema.org","@graph":[{"@type":"WebPage","@id":"https:\/\/giteducabrol.com\/autour-de-chez-nous\/","url":"https:\/\/giteducabrol.com\/autour-de-chez-nous\/","name":"Autour de chez nous - Gite du Cabrol | Jura","isPartOf":{"@id":"https:\/\/giteducabrol.com\/#website"},"datePublished":"2022-06-29T13:38:58+00:00","dateModified":"2023-09-05T13:20:35+00:00","description":"Autour de chez nous vous trouverez de nombreuses activit\u00e9s, qu'elles soient sportives, gastronomiques ou culturelles.","breadcrumb":{"@id":"https:\/\/giteducabrol.com\/autour-de-chez-nous\/#breadcrumb"},"inLanguage":"en-GB","potentialAction":[{"@type":"ReadAction","target":["https:\/\/giteducabrol.com\/autour-de-chez-nous\/"]}]},{"@type":"BreadcrumbList","@id":"https:\/\/giteducabrol.com\/autour-de-chez-nous\/#breadcrumb","itemListElement":[{"@type":"ListItem","position":1,"name":"Accueil","item":"https:\/\/giteducabrol.com\/"},{"@type":"ListItem","position":2,"name":"Autour de chez nous"}]},{"@type":"WebSite","@id":"https:\/\/giteducabrol.com\/#website","url":"https:\/\/giteducabrol.com\/","name":"Gite du Cabrol | Jura","description":"","potentialAction":[{"@type":"SearchAction","target":{"@type":"EntryPoint","urlTemplate":"https:\/\/giteducabrol.com\/?s={search_term_string}"},"query-input":{"@type":"PropertyValueSpecification","valueRequired":true,"valueName":"search_term_string"}}],"inLanguage":"en-GB"}]}},"_links":{"self":[{"href":"https:\/\/giteducabrol.com\/en\/wp-json\/wp\/v2\/pages\/28904","targetHints":{"allow":["GET"]}}],"collection":[{"href":"https:\/\/giteducabrol.com\/en\/wp-json\/wp\/v2\/pages"}],"about":[{"href":"https:\/\/giteducabrol.com\/en\/wp-json\/wp\/v2\/types\/page"}],"author":[{"embeddable":true,"href":"https:\/\/giteducabrol.com\/en\/wp-json\/wp\/v2\/users\/1"}],"replies":[{"embeddable":true,"href":"https:\/\/giteducabrol.com\/en\/wp-json\/wp\/v2\/comments?post=28904"}],"version-history":[{"count":27,"href":"https:\/\/giteducabrol.com\/en\/wp-json\/wp\/v2\/pages\/28904\/revisions"}],"predecessor-version":[{"id":30475,"href":"https:\/\/giteducabrol.com\/en\/wp-json\/wp\/v2\/pages\/28904\/revisions\/30475"}],"wp:attachment":[{"href":"https:\/\/giteducabrol.com\/en\/wp-json\/wp\/v2\/media?parent=28904"}],"curies":[{"name":"wp","href":"https:\/\/api.w.org\/{rel}","templated":true}]}}