{"id":28640,"date":"2017-02-16T09:16:27","date_gmt":"2017-02-16T08:16:27","guid":{"rendered":"http:\/\/mxajfmgl.preview.infomaniak.website\/?page_id=38"},"modified":"2022-10-28T10:06:12","modified_gmt":"2022-10-28T08:06:12","slug":"services","status":"publish","type":"page","link":"https:\/\/giteducabrol.com\/en\/services\/","title":{"rendered":"Services"},"content":{"rendered":"<p>[et_pb_section fb_built=\u00a0\u00bb1&Prime; custom_padding_last_edited=\u00a0\u00bbon|phone\u00a0\u00bb admin_label=\u00a0\u00bbHero Section\u00a0\u00bb _builder_version=\u00a0\u00bb4.17.4&Prime; _module_preset=\u00a0\u00bbdefault\u00a0\u00bb background_enable_image=\u00a0\u00bboff\u00a0\u00bb background_video_mp4=\u00a0\u00bbhttps:\/\/giteducabrol.com\/wp-content\/uploads\/2022\/06\/From-The-Air-9798.mp4&Prime; custom_padding=\u00a0\u00bb6.8%||10%|||\u00a0\u00bb custom_padding_tablet=\u00a0\u00bb10%||10%|\u00a0\u00bb custom_padding_phone=\u00a0\u00bb10%||10%|\u00a0\u00bb locked=\u00a0\u00bboff\u00a0\u00bb global_colors_info=\u00a0\u00bb{}\u00a0\u00bb][et_pb_row column_structure=\u00a0\u00bb1_2,1_2&Prime; admin_label=\u00a0\u00bbHero Area\u00a0\u00bb _builder_version=\u00a0\u00bb4.17.4&Prime; _module_preset=\u00a0\u00bbdefault\u00a0\u00bb width=\u00a0\u00bb93%\u00a0\u00bb custom_margin=\u00a0\u00bb50px|auto||auto||\u00a0\u00bb custom_padding=\u00a0\u00bb0px|||||\u00a0\u00bb global_colors_info=\u00a0\u00bb{}\u00a0\u00bb][et_pb_column type=\u00a0\u00bb1_2&Prime; _builder_version=\u00a0\u00bb4.17.4&Prime; _module_preset=\u00a0\u00bbdefault\u00a0\u00bb background_color=\u00a0\u00bb#3a5a86&Prime; custom_padding=\u00a0\u00bb66px|29px|66px|29px|true|true\u00a0\u00bb animation_style=\u00a0\u00bbslide\u00a0\u00bb animation_direction=\u00a0\u00bbleft\u00a0\u00bb animation_delay=\u00a0\u00bb150ms\u00a0\u00bb animation_intensity_slide=\u00a0\u00bb13%\u00a0\u00bb box_shadow_style=\u00a0\u00bbpreset2&Prime; box_shadow_blur=\u00a0\u00bb17px\u00a0\u00bb box_shadow_spread=\u00a0\u00bb4px\u00a0\u00bb box_shadow_color=\u00a0\u00bbrgba(0,0,0,0.44)\u00a0\u00bb global_colors_info=\u00a0\u00bb{}\u00a0\u00bb custom_padding__hover=\u00a0\u00bb|||\u00a0\u00bb][et_pb_text _builder_version=\u00a0\u00bb4.17.4&Prime; _module_preset=\u00a0\u00bbdefault\u00a0\u00bb text_text_color=\u00a0\u00bb#f4f4f4&Prime; header_font=\u00a0\u00bbComfortaa||||||||\u00a0\u00bb header_text_color=\u00a0\u00bb#eaeaea\u00a0\u00bb header_font_size=\u00a0\u00bb53px\u00a0\u00bb header_font_size_tablet=\u00a0\u00bb53px\u00a0\u00bb header_font_size_phone=\u00a0\u00bb40px\u00a0\u00bb header_font_size_last_edited=\u00a0\u00bbon|phone\u00a0\u00bb global_colors_info=\u00a0\u00bb{}\u00a0\u00bb]<\/p>\n<h1>Nos services<\/h1>\n<p>[\/et_pb_text][et_pb_button button_url=\u00a0\u00bb@ET-DC@eyJkeW5hbWljIjp0cnVlLCJjb250ZW50IjoicG9zdF9saW5rX3VybF9wYWdlIiwic2V0dGluZ3MiOnsicG9zdF9pZCI6IjQ1In19@\u00a0\u00bb button_text=\u00a0\u00bbUne demande particuli\u00e8re ?\u00a0\u00bb _builder_version=\u00a0\u00bb4.17.4&Prime; _dynamic_attributes=\u00a0\u00bbbutton_url\u00a0\u00bb _module_preset=\u00a0\u00bbdefault\u00a0\u00bb custom_button=\u00a0\u00bbon\u00a0\u00bb button_text_color=\u00a0\u00bb#FFFFFF\u00a0\u00bb button_bg_color=\u00a0\u00bb#DEB886&Prime; button_border_width=\u00a0\u00bb0px\u00a0\u00bb button_border_radius=\u00a0\u00bb5px\u00a0\u00bb button_font=\u00a0\u00bbComfortaa||||||||\u00a0\u00bb custom_margin=\u00a0\u00bb37px||-20px|||\u00a0\u00bb hover_enabled=\u00a0\u00bb0&Prime; global_colors_info=\u00a0\u00bb{}\u00a0\u00bb sticky_enabled=\u00a0\u00bb0&Prime;][\/et_pb_button][\/et_pb_column][et_pb_column type=\u00a0\u00bb1_2&Prime; _builder_version=\u00a0\u00bb4.16&Prime; _module_preset=\u00a0\u00bbdefault\u00a0\u00bb custom_padding=\u00a0\u00bb|||\u00a0\u00bb global_colors_info=\u00a0\u00bb{}\u00a0\u00bb custom_padding__hover=\u00a0\u00bb|||\u00a0\u00bb][\/et_pb_column][\/et_pb_row][\/et_pb_section][et_pb_section fb_built=\u00a0\u00bb1&Prime; _builder_version=\u00a0\u00bb4.17.4&Prime; _module_preset=\u00a0\u00bbdefault\u00a0\u00bb custom_padding=\u00a0\u00bb||29px|||\u00a0\u00bb global_colors_info=\u00a0\u00bb{}\u00a0\u00bb][et_pb_row column_structure=\u00a0\u00bb1_2,1_2&Prime; _builder_version=\u00a0\u00bb4.17.4&Prime; _module_preset=\u00a0\u00bbdefault\u00a0\u00bb global_colors_info=\u00a0\u00bb{}\u00a0\u00bb][et_pb_column type=\u00a0\u00bb1_2&Prime; _builder_version=\u00a0\u00bb4.17.4&Prime; _module_preset=\u00a0\u00bbdefault\u00a0\u00bb global_colors_info=\u00a0\u00bb{}\u00a0\u00bb][et_pb_text _builder_version=\u00a0\u00bb4.17.4&Prime; _module_preset=\u00a0\u00bbdefault\u00a0\u00bb text_font=\u00a0\u00bbComfortaa|300|||||||\u00a0\u00bb text_text_color=\u00a0\u00bb#000000&Prime; text_font_size=\u00a0\u00bb25px\u00a0\u00bb global_colors_info=\u00a0\u00bb{}\u00a0\u00bb]<\/p>\n<p><strong>Int\u00e9rieur<\/strong><\/p>\n<p>[\/et_pb_text][et_pb_text _builder_version=\u00a0\u00bb4.17.4&Prime; _module_preset=\u00a0\u00bbdefault\u00a0\u00bb global_colors_info=\u00a0\u00bb{}\u00a0\u00bb]<\/p>\n<ul>\n<li>T\u00e9l\u00e9vision au salon<\/li>\n<li>Netflix et RMC Sport au salon<\/li>\n<li>Acc\u00e8s wifi gratuit<\/li>\n<li>T\u00e9l\u00e9vision dans chaque chambre<\/li>\n<li>Linge de lit<\/li>\n<li>Serviette de bains<\/li>\n<li>Po\u00eale en bois<\/li>\n<li>Ventilateur \u00e0 disposition<\/li>\n<li>Jeux de soci\u00e9t\u00e9 et livres<\/li>\n<li>Pour b\u00e9b\u00e9 : Lit, chaise haute, baignoire, adaptateur WC, table de change, barri\u00e8re de s\u00e9curit\u00e9.<\/li>\n<\/ul>\n<p>[\/et_pb_text][\/et_pb_column][et_pb_column type=\u00a0\u00bb1_2&Prime; _builder_version=\u00a0\u00bb4.17.4&Prime; _module_preset=\u00a0\u00bbdefault\u00a0\u00bb global_colors_info=\u00a0\u00bb{}\u00a0\u00bb][et_pb_text _builder_version=\u00a0\u00bb4.17.4&Prime; _module_preset=\u00a0\u00bbdefault\u00a0\u00bb text_font=\u00a0\u00bbComfortaa|300|||||||\u00a0\u00bb text_text_color=\u00a0\u00bb#000000&Prime; text_font_size=\u00a0\u00bb25px\u00a0\u00bb global_colors_info=\u00a0\u00bb{}\u00a0\u00bb]<\/p>\n<p><strong>Ext\u00e9rieur<\/strong><\/p>\n<p>[\/et_pb_text][et_pb_text _builder_version=\u00a0\u00bb4.17.4&Prime; _module_preset=\u00a0\u00bbdefault\u00a0\u00bb custom_margin=\u00a0\u00bb||34px|||\u00a0\u00bb global_colors_info=\u00a0\u00bb{}\u00a0\u00bb]<\/p>\n<ul>\n<li>Piscine chauff\u00e9e non couverte (en \u00e9t\u00e9)<\/li>\n<li>Terrasse avec barbecue<\/li>\n<li>Terrain de jeux de boules<\/li>\n<li>Place de jeux avec balan\u00e7oire<\/li>\n<li>Table de ping-pong<\/li>\n<li>V\u00e9los adultes et enfants en location<\/li>\n<\/ul>\n<p>[\/et_pb_text][et_pb_button button_url=\u00a0\u00bb@ET-DC@eyJkeW5hbWljIjp0cnVlLCJjb250ZW50IjoicG9zdF9saW5rX3VybF9wYWdlIiwic2V0dGluZ3MiOnsicG9zdF9pZCI6IjI4OTA0In19@\u00a0\u00bb button_text=\u00a0\u00bbAutour de chez nous\u00a0\u00bb _builder_version=\u00a0\u00bb4.17.4&Prime; _dynamic_attributes=\u00a0\u00bbbutton_url\u00a0\u00bb _module_preset=\u00a0\u00bbdefault\u00a0\u00bb custom_button=\u00a0\u00bbon\u00a0\u00bb button_text_color=\u00a0\u00bb#FFFFFF\u00a0\u00bb button_bg_color=\u00a0\u00bb#DEB886&Prime; button_border_radius=\u00a0\u00bb5px\u00a0\u00bb button_font=\u00a0\u00bbComfortaa|700|||||||\u00a0\u00bb custom_margin=\u00a0\u00bb4px|||||\u00a0\u00bb global_colors_info=\u00a0\u00bb{}\u00a0\u00bb][\/et_pb_button][\/et_pb_column][\/et_pb_row][et_pb_row column_structure=\u00a0\u00bb1_4,1_4,1_4,1_4&Prime; use_custom_gutter=\u00a0\u00bbon\u00a0\u00bb gutter_width=\u00a0\u00bb1&Prime; _builder_version=\u00a0\u00bb4.17.4&Prime; _module_preset=\u00a0\u00bbdefault\u00a0\u00bb width=\u00a0\u00bb100%\u00a0\u00bb max_width=\u00a0\u00bb100%\u00a0\u00bb global_colors_info=\u00a0\u00bb{}\u00a0\u00bb][et_pb_column type=\u00a0\u00bb1_4&Prime; _builder_version=\u00a0\u00bb4.17.4&Prime; _module_preset=\u00a0\u00bbdefault\u00a0\u00bb global_colors_info=\u00a0\u00bb{}\u00a0\u00bb][et_pb_image src=\u00a0\u00bbhttps:\/\/giteducabrol.com\/wp-content\/uploads\/2022\/06\/e76b49_6d9f5cde8d214d40b8be90ef15f59e7emv2.webp\u00a0\u00bb title_text=\u00a0\u00bbe76b49_6d9f5cde8d214d40b8be90ef15f59e7e~mv2&Prime; _builder_version=\u00a0\u00bb4.17.4&Prime; _module_preset=\u00a0\u00bbdefault\u00a0\u00bb global_colors_info=\u00a0\u00bb{}\u00a0\u00bb][\/et_pb_image][et_pb_image src=\u00a0\u00bbhttps:\/\/giteducabrol.com\/wp-content\/uploads\/2022\/06\/80807f_dd3cbd87384443e194410c343b70633bmv2.webp\u00a0\u00bb title_text=\u00a0\u00bb80807f_dd3cbd87384443e194410c343b70633b~mv2&Prime; _builder_version=\u00a0\u00bb4.17.4&Prime; _module_preset=\u00a0\u00bbdefault\u00a0\u00bb global_colors_info=\u00a0\u00bb{}\u00a0\u00bb][\/et_pb_image][\/et_pb_column][et_pb_column type=\u00a0\u00bb1_4&Prime; _builder_version=\u00a0\u00bb4.17.4&Prime; _module_preset=\u00a0\u00bbdefault\u00a0\u00bb global_colors_info=\u00a0\u00bb{}\u00a0\u00bb][et_pb_image src=\u00a0\u00bbhttps:\/\/giteducabrol.com\/wp-content\/uploads\/2022\/06\/e76b49_8bb4ddce62654780bd09426b4a7e4180mv2.webp\u00a0\u00bb title_text=\u00a0\u00bbe76b49_8bb4ddce62654780bd09426b4a7e4180~mv2&Prime; _builder_version=\u00a0\u00bb4.17.4&Prime; _module_preset=\u00a0\u00bbdefault\u00a0\u00bb global_colors_info=\u00a0\u00bb{}\u00a0\u00bb][\/et_pb_image][et_pb_image src=\u00a0\u00bbhttps:\/\/giteducabrol.com\/wp-content\/uploads\/2022\/06\/80807f_995fdf5bbff6444a904895cb8c0ee4damv2.webp\u00a0\u00bb title_text=\u00a0\u00bb80807f_995fdf5bbff6444a904895cb8c0ee4da~mv2&Prime; _builder_version=\u00a0\u00bb4.17.4&Prime; _module_preset=\u00a0\u00bbdefault\u00a0\u00bb global_colors_info=\u00a0\u00bb{}\u00a0\u00bb][\/et_pb_image][\/et_pb_column][et_pb_column type=\u00a0\u00bb1_4&Prime; _builder_version=\u00a0\u00bb4.17.4&Prime; _module_preset=\u00a0\u00bbdefault\u00a0\u00bb global_colors_info=\u00a0\u00bb{}\u00a0\u00bb][et_pb_image src=\u00a0\u00bbhttps:\/\/giteducabrol.com\/wp-content\/uploads\/2022\/06\/e76b49_6d9f5cde8d214d40b8be90ef15f59e7emv2.webp\u00a0\u00bb title_text=\u00a0\u00bbe76b49_6d9f5cde8d214d40b8be90ef15f59e7e~mv2&Prime; _builder_version=\u00a0\u00bb4.17.4&Prime; _module_preset=\u00a0\u00bbdefault\u00a0\u00bb global_colors_info=\u00a0\u00bb{}\u00a0\u00bb][\/et_pb_image][et_pb_image src=\u00a0\u00bbhttps:\/\/giteducabrol.com\/wp-content\/uploads\/2022\/06\/80807f_f1028cc04dfe4f05a71b9a1efbabbb92mv2.webp\u00a0\u00bb title_text=\u00a0\u00bb80807f_f1028cc04dfe4f05a71b9a1efbabbb92~mv2&Prime; _builder_version=\u00a0\u00bb4.17.4&Prime; _module_preset=\u00a0\u00bbdefault\u00a0\u00bb global_colors_info=\u00a0\u00bb{}\u00a0\u00bb][\/et_pb_image][\/et_pb_column][et_pb_column type=\u00a0\u00bb1_4&Prime; _builder_version=\u00a0\u00bb4.17.4&Prime; _module_preset=\u00a0\u00bbdefault\u00a0\u00bb global_colors_info=\u00a0\u00bb{}\u00a0\u00bb][et_pb_image src=\u00a0\u00bbhttps:\/\/giteducabrol.com\/wp-content\/uploads\/2022\/06\/e76b49_ea72a15e28344f9991b1c1b85601a8e2mv2.webp\u00a0\u00bb title_text=\u00a0\u00bbe76b49_ea72a15e28344f9991b1c1b85601a8e2~mv2&Prime; _builder_version=\u00a0\u00bb4.17.4&Prime; _module_preset=\u00a0\u00bbdefault\u00a0\u00bb global_colors_info=\u00a0\u00bb{}\u00a0\u00bb][\/et_pb_image][et_pb_image src=\u00a0\u00bbhttps:\/\/giteducabrol.com\/wp-content\/uploads\/2022\/06\/e76b49_32f7e5ba4a2842c1baab6ae62d4a16e9mv2.webp\u00a0\u00bb title_text=\u00a0\u00bbe76b49_32f7e5ba4a2842c1baab6ae62d4a16e9~mv2&Prime; _builder_version=\u00a0\u00bb4.17.4&Prime; _module_preset=\u00a0\u00bbdefault\u00a0\u00bb global_colors_info=\u00a0\u00bb{}\u00a0\u00bb][\/et_pb_image][\/et_pb_column][\/et_pb_row][\/et_pb_section]<\/p>\n","protected":false},"excerpt":{"rendered":"<p>Nos servicesInt\u00e9rieur T\u00e9l\u00e9vision au salon Netflix et RMC Sport au salon Acc\u00e8s wifi gratuit T\u00e9l\u00e9vision dans chaque chambre Linge de lit Serviette de bains Po\u00eale en bois Ventilateur \u00e0 disposition Jeux de soci\u00e9t\u00e9 et livres Pour b\u00e9b\u00e9 : Lit, chaise haute, baignoire, adaptateur WC, table de change, barri\u00e8re de s\u00e9curit\u00e9. Ext\u00e9rieur Piscine chauff\u00e9e non couverte [&hellip;]<\/p>\n","protected":false},"author":1,"featured_media":0,"parent":0,"menu_order":0,"comment_status":"closed","ping_status":"closed","template":"","meta":{"_et_pb_use_builder":"on","_et_pb_old_content":"","_et_gb_content_width":"","footnotes":""},"class_list":["post-28640","page","type-page","status-publish","hentry"],"yoast_head":"<!-- This site is optimized with the Yoast SEO plugin v27.5 - https:\/\/yoast.com\/product\/yoast-seo-wordpress\/ -->\n<title>Services - Gite du Cabrol | Jura<\/title>\n<meta name=\"robots\" content=\"index, follow, max-snippet:-1, max-image-preview:large, max-video-preview:-1\" \/>\n<link rel=\"canonical\" href=\"https:\/\/giteducabrol.com\/en\/services\/\" \/>\n<meta property=\"og:locale\" content=\"en_GB\" \/>\n<meta property=\"og:type\" content=\"article\" \/>\n<meta property=\"og:title\" content=\"Services - Gite du Cabrol | Jura\" \/>\n<meta property=\"og:description\" content=\"Nos servicesInt\u00e9rieur T\u00e9l\u00e9vision au salon Netflix et RMC Sport au salon Acc\u00e8s wifi gratuit T\u00e9l\u00e9vision dans chaque chambre Linge de lit Serviette de bains Po\u00eale en bois Ventilateur \u00e0 disposition Jeux de soci\u00e9t\u00e9 et livres Pour b\u00e9b\u00e9 : Lit, chaise haute, baignoire, adaptateur WC, table de change, barri\u00e8re de s\u00e9curit\u00e9. Ext\u00e9rieur Piscine chauff\u00e9e non couverte [&hellip;]\" \/>\n<meta property=\"og:url\" content=\"https:\/\/giteducabrol.com\/en\/services\/\" \/>\n<meta property=\"og:site_name\" content=\"Gite du Cabrol | Jura\" \/>\n<meta property=\"article:modified_time\" content=\"2022-10-28T08:06:12+00:00\" \/>\n<meta name=\"twitter:card\" content=\"summary_large_image\" \/>\n<meta name=\"twitter:label1\" content=\"Est. reading time\" \/>\n\t<meta name=\"twitter:data1\" content=\"4 minutes\" \/>\n<script type=\"application\/ld+json\" class=\"yoast-schema-graph\">{\"@context\":\"https:\\\/\\\/schema.org\",\"@graph\":[{\"@type\":\"WebPage\",\"@id\":\"https:\\\/\\\/giteducabrol.com\\\/services\\\/\",\"url\":\"https:\\\/\\\/giteducabrol.com\\\/services\\\/\",\"name\":\"Services - Gite du Cabrol | Jura\",\"isPartOf\":{\"@id\":\"https:\\\/\\\/giteducabrol.com\\\/#website\"},\"datePublished\":\"2017-02-16T08:16:27+00:00\",\"dateModified\":\"2022-10-28T08:06:12+00:00\",\"breadcrumb\":{\"@id\":\"https:\\\/\\\/giteducabrol.com\\\/services\\\/#breadcrumb\"},\"inLanguage\":\"en-GB\",\"potentialAction\":[{\"@type\":\"ReadAction\",\"target\":[\"https:\\\/\\\/giteducabrol.com\\\/services\\\/\"]}]},{\"@type\":\"BreadcrumbList\",\"@id\":\"https:\\\/\\\/giteducabrol.com\\\/services\\\/#breadcrumb\",\"itemListElement\":[{\"@type\":\"ListItem\",\"position\":1,\"name\":\"Accueil\",\"item\":\"https:\\\/\\\/giteducabrol.com\\\/\"},{\"@type\":\"ListItem\",\"position\":2,\"name\":\"Services\"}]},{\"@type\":\"WebSite\",\"@id\":\"https:\\\/\\\/giteducabrol.com\\\/#website\",\"url\":\"https:\\\/\\\/giteducabrol.com\\\/\",\"name\":\"Gite du Cabrol | Jura\",\"description\":\"\",\"potentialAction\":[{\"@type\":\"SearchAction\",\"target\":{\"@type\":\"EntryPoint\",\"urlTemplate\":\"https:\\\/\\\/giteducabrol.com\\\/?s={search_term_string}\"},\"query-input\":{\"@type\":\"PropertyValueSpecification\",\"valueRequired\":true,\"valueName\":\"search_term_string\"}}],\"inLanguage\":\"en-GB\"}]}<\/script>\n<!-- \/ Yoast SEO plugin. -->","yoast_head_json":{"title":"Services - Gite du Cabrol | Jura","robots":{"index":"index","follow":"follow","max-snippet":"max-snippet:-1","max-image-preview":"max-image-preview:large","max-video-preview":"max-video-preview:-1"},"canonical":"https:\/\/giteducabrol.com\/en\/services\/","og_locale":"en_GB","og_type":"article","og_title":"Services - Gite du Cabrol | Jura","og_description":"Nos servicesInt\u00e9rieur T\u00e9l\u00e9vision au salon Netflix et RMC Sport au salon Acc\u00e8s wifi gratuit T\u00e9l\u00e9vision dans chaque chambre Linge de lit Serviette de bains Po\u00eale en bois Ventilateur \u00e0 disposition Jeux de soci\u00e9t\u00e9 et livres Pour b\u00e9b\u00e9 : Lit, chaise haute, baignoire, adaptateur WC, table de change, barri\u00e8re de s\u00e9curit\u00e9. Ext\u00e9rieur Piscine chauff\u00e9e non couverte [&hellip;]","og_url":"https:\/\/giteducabrol.com\/en\/services\/","og_site_name":"Gite du Cabrol | Jura","article_modified_time":"2022-10-28T08:06:12+00:00","twitter_card":"summary_large_image","twitter_misc":{"Est. reading time":"4 minutes"},"schema":{"@context":"https:\/\/schema.org","@graph":[{"@type":"WebPage","@id":"https:\/\/giteducabrol.com\/services\/","url":"https:\/\/giteducabrol.com\/services\/","name":"Services - Gite du Cabrol | Jura","isPartOf":{"@id":"https:\/\/giteducabrol.com\/#website"},"datePublished":"2017-02-16T08:16:27+00:00","dateModified":"2022-10-28T08:06:12+00:00","breadcrumb":{"@id":"https:\/\/giteducabrol.com\/services\/#breadcrumb"},"inLanguage":"en-GB","potentialAction":[{"@type":"ReadAction","target":["https:\/\/giteducabrol.com\/services\/"]}]},{"@type":"BreadcrumbList","@id":"https:\/\/giteducabrol.com\/services\/#breadcrumb","itemListElement":[{"@type":"ListItem","position":1,"name":"Accueil","item":"https:\/\/giteducabrol.com\/"},{"@type":"ListItem","position":2,"name":"Services"}]},{"@type":"WebSite","@id":"https:\/\/giteducabrol.com\/#website","url":"https:\/\/giteducabrol.com\/","name":"Gite du Cabrol | Jura","description":"","potentialAction":[{"@type":"SearchAction","target":{"@type":"EntryPoint","urlTemplate":"https:\/\/giteducabrol.com\/?s={search_term_string}"},"query-input":{"@type":"PropertyValueSpecification","valueRequired":true,"valueName":"search_term_string"}}],"inLanguage":"en-GB"}]}},"_links":{"self":[{"href":"https:\/\/giteducabrol.com\/en\/wp-json\/wp\/v2\/pages\/28640","targetHints":{"allow":["GET"]}}],"collection":[{"href":"https:\/\/giteducabrol.com\/en\/wp-json\/wp\/v2\/pages"}],"about":[{"href":"https:\/\/giteducabrol.com\/en\/wp-json\/wp\/v2\/types\/page"}],"author":[{"embeddable":true,"href":"https:\/\/giteducabrol.com\/en\/wp-json\/wp\/v2\/users\/1"}],"replies":[{"embeddable":true,"href":"https:\/\/giteducabrol.com\/en\/wp-json\/wp\/v2\/comments?post=28640"}],"version-history":[{"count":13,"href":"https:\/\/giteducabrol.com\/en\/wp-json\/wp\/v2\/pages\/28640\/revisions"}],"predecessor-version":[{"id":29439,"href":"https:\/\/giteducabrol.com\/en\/wp-json\/wp\/v2\/pages\/28640\/revisions\/29439"}],"wp:attachment":[{"href":"https:\/\/giteducabrol.com\/en\/wp-json\/wp\/v2\/media?parent=28640"}],"curies":[{"name":"wp","href":"https:\/\/api.w.org\/{rel}","templated":true}]}}